{"id":128,"date":"2022-11-24T16:33:43","date_gmt":"2022-11-24T15:33:43","guid":{"rendered":"http:\/\/calabria.cultura.gov.it\/?page_id=128"},"modified":"2022-11-24T16:42:53","modified_gmt":"2022-11-24T15:42:53","slug":"contributi","status":"publish","type":"page","link":"https:\/\/calabria.cultura.gov.it\/?page_id=128","title":{"rendered":"Contributi"},"content":{"rendered":"\n<h2 class=\"wp-block-heading\">Interventi finanziari del Ministero a favore del proprietario, possessore o detentore del bene culturale ai sensi degli artt. 31, 35, 36 e 37 del Codice dei beni culturali e del paesaggio<\/h2>\n\n\n\n<p>Ai sensi dell&#8217;art. 35 comma 1 del&nbsp;<a rel=\"noreferrer noopener\" href=\"https:\/\/www.normattiva.it\/uri-res\/N2Ls?urn:nir:stato:decreto.legislativo:2004-01-22;42\" target=\"_blank\">Decreto Legislativo 22 gennaio 2004, n. 42<\/a>,&nbsp;<em>Codice dei beni culturali e del paesaggio<\/em>, il Ministero ha facolt\u00e0 di concorrere alla spesa sostenuta dal proprietario, possessore o detentore di beni culturali per l&#8217;esecuzione degli interventi previsti dall&#8217;art. 31 comma 1 del Codice.<\/p>\n\n\n\n<h2 class=\"wp-block-heading\">Compiti del Segretariato regionale<\/h2>\n\n\n\n<p>Come disposto dal&nbsp;<a href=\"http:\/\/www.normattiva.it\/uri-res\/N2Ls?urn:nir:stato:decreto.del.presidente.del.consiglio.dei.ministri:2019-12-02;169\" rel=\"noreferrer noopener\" target=\"_blank\">D.P.C.M. 2 dicembre 2019, n. 169<\/a>, art. 40 comma 2, Regolamento di organizzazione del Ministero, il Segretariato regionale:<\/p>\n\n\n\n<ul class=\"wp-block-list\">\n<li>[lettera c] dispone il concorso del Ministero, sulla base di criteri definiti dalle direzioni generali centrali di settore, nelle spese effettuate dai proprietari, possessori o detentori di beni culturali per interventi conservativi nei casi previsti dagli articoli 34 e 35 del Codice ed eroga il contributo di cui all&#8217;articolo 37;<\/li>\n\n\n\n<li>[lettera l] stipula, previa istruttoria della Soprintendenza competente, accordi e convenzioni con i proprietari di beni culturali, oggetto di interventi conservativi, alla cui spesa ha contribuito il Ministero, al fine di stabilire le modalit\u00e0 per l&#8217;accesso ai beni medesimi da parte del pubblico, ai sensi dell&#8217;articolo 38 del Codice;<\/li>\n\n\n\n<li>[lettera m] adotta i provvedimenti necessari per il pagamento o il recupero di somme che \u00e8 tenuto, rispettivamente, a corrispondere o a riscuotere in relazione all&#8217;esercizio delle funzioni e dei compiti attribuiti.          <\/li>\n<\/ul>\n\n\n\n<h2 class=\"wp-block-heading\">Istruzioni procedurali<\/h2>\n\n\n\n<p><strong>La richiesta di ammissibilit\u00e0 ai contributi statali deve essere presentata alla Soprintendenza di competenza<\/strong>, e pu\u00f2 essere contestuale alla domanda di autorizzazione del progetto di manutenzione o restauro<\/p>\n\n\n\n<p>Si ricorda che non possono essere accolte domande di contributo presentate a lavori ultimati.<\/p>\n\n\n\n<p>I contributi sono di due tipi, in&nbsp;<strong>conto capitale<\/strong>&nbsp;e in&nbsp;<strong>conto interessi<\/strong>, possono essere cumulabili, ma devono essere richiesti distintamente ciascuno secondo un proprio procedimento.&nbsp;<\/p>\n\n\n\n<p><strong><a href=\"http:\/\/calabria.cultura.gov.it\/wp-content\/uploads\/2022\/11\/Contributo-in-conto-capitale.pdf\">CONTO CAPITALE<\/a><\/strong><\/p>\n\n\n\n<p><strong><a href=\"http:\/\/calabria.cultura.gov.it\/wp-content\/uploads\/2022\/11\/Contributi-in-conto-interessi.pdf\">CONTO INTERESSI<\/a><\/strong><\/p>\n\n\n\n<h2 class=\"wp-block-heading\">Convenzioni per accessibilit\u00e0 al pubblico dei beni culturali oggetto di contributo<\/h2>\n\n\n\n<p>Ai sensi dell\u2019art. 38 del Codice, i beni culturali sottoposti a interventi conservativi con il concorso dello Stato sono resi accessibili al pubblico secondo modalit\u00e0 fissate da appositi accordi o convenzioni da stipularsi fra il Segretariato regionale e i singoli proprietari, possessori o detentori.<\/p>\n\n\n\n<p>La convenzione, con durata minima di dieci anni, \u00e8 finalizzata a consentire la pubblica e gratuita fruizione dei beni culturali per almeno un giorno al mese durante l&#8217;arco dell&#8217;intero anno, oltre alle Giornate Europee del Patrimonio e ad altri eventi istituzionali promossi dal Ministero della cultura.<\/p>\n\n\n\n<h2 class=\"wp-block-heading\">Patrimonio aperto al pubblico<\/h2>\n\n\n\n<p>Gli interventi conservativi avviati volontariamente dai proprietari, possessori o detentori di beni culturali tutelati possono essere sostenuti in modo totale o parziale dallo Stato, nelle forme previste dal&nbsp;<a rel=\"noreferrer noopener\" href=\"https:\/\/www.normattiva.it\/uri-res\/N2Ls?urn:nir:stato:decreto.legislativo:2004-01-22;42\" target=\"_blank\">Codice<\/a>&nbsp;(artt. 31, 35, 37). Quale contropartita ai contributi ricevuti, i privati e gli enti beneficiari hanno l&#8217;obbligo di rendere fruibili al pubblico i beni restaurati (art. 38) sottoscrivendo un atto di convenzione in cui sono specificati le modalit\u00e0, il calendario e gli orari di accessibilit\u00e0a. Le convenzioni hanno durata minima di 10 anni. L&#8217;obiettivo della misura normativa \u00e8 di sostenere la tutela e la conservazione del patrimonio culturale nazionale, anche di propriet\u00e0 privata, e al contempo di promuoverne la pi\u00f9 ampia fruizione e conoscenza.<\/p>\n\n\n\n<h2 class=\"wp-block-heading\"><strong>Modulistica<\/strong><\/h2>\n","protected":false},"excerpt":{"rendered":"<p>Interventi finanziari del Ministero a favore del proprietario, possessore o detentore del bene culturale ai sensi degli artt.<\/p>\n","protected":false},"author":1,"featured_media":0,"parent":7,"menu_order":0,"comment_status":"closed","ping_status":"closed","template":"","meta":{"ngg_post_thumbnail":0,"footnotes":""},"tags":[],"class_list":["post-128","page","type-page","status-publish","hentry"],"_links":{"self":[{"href":"https:\/\/calabria.cultura.gov.it\/index.php?rest_route=\/wp\/v2\/pages\/128","targetHints":{"allow":["GET"]}}],"collection":[{"href":"https:\/\/calabria.cultura.gov.it\/index.php?rest_route=\/wp\/v2\/pages"}],"about":[{"href":"https:\/\/calabria.cultura.gov.it\/index.php?rest_route=\/wp\/v2\/types\/page"}],"author":[{"embeddable":true,"href":"https:\/\/calabria.cultura.gov.it\/index.php?rest_route=\/wp\/v2\/users\/1"}],"replies":[{"embeddable":true,"href":"https:\/\/calabria.cultura.gov.it\/index.php?rest_route=%2Fwp%2Fv2%2Fcomments&post=128"}],"version-history":[{"count":3,"href":"https:\/\/calabria.cultura.gov.it\/index.php?rest_route=\/wp\/v2\/pages\/128\/revisions"}],"predecessor-version":[{"id":134,"href":"https:\/\/calabria.cultura.gov.it\/index.php?rest_route=\/wp\/v2\/pages\/128\/revisions\/134"}],"up":[{"embeddable":true,"href":"https:\/\/calabria.cultura.gov.it\/index.php?rest_route=\/wp\/v2\/pages\/7"}],"wp:attachment":[{"href":"https:\/\/calabria.cultura.gov.it\/index.php?rest_route=%2Fwp%2Fv2%2Fmedia&parent=128"}],"wp:term":[{"taxonomy":"post_tag","embeddable":true,"href":"https:\/\/calabria.cultura.gov.it\/index.php?rest_route=%2Fwp%2Fv2%2Ftags&post=128"}],"curies":[{"name":"wp","href":"https:\/\/api.w.org\/{rel}","templated":true}]}}